{"id":5349,"date":"2018-03-13T16:11:05","date_gmt":"2018-03-13T15:11:05","guid":{"rendered":"https:\/\/www.baltic-blues.de\/arrival-2\/"},"modified":"2023-03-03T15:53:15","modified_gmt":"2023-03-03T14:53:15","slug":"arrival-2","status":"publish","type":"page","link":"https:\/\/www.baltic-blues.de\/en\/arrival-2\/","title":{"rendered":"Arrival"},"content":{"rendered":"\t\t<div data-elementor-type=\"wp-post\" data-elementor-id=\"5349\" class=\"elementor elementor-5349 elementor-61\" data-elementor-post-type=\"page\">\n\t\t\t\t\t\t<section class=\"elementor-section elementor-top-section elementor-element elementor-element-2ddd35a6 elementor-section-stretched elementor-section-full_width elementor-section-height-default elementor-section-height-default\" data-id=\"2ddd35a6\" data-element_type=\"section\" data-e-type=\"section\" data-settings=\"{&quot;stretch_section&quot;:&quot;section-stretched&quot;,&quot;jet_parallax_layout_list&quot;:[]}\">\n\t\t\t\t\t\t<div class=\"elementor-container elementor-column-gap-default\">\n\t\t\t\t\t<div class=\"elementor-column elementor-col-100 elementor-top-column elementor-element elementor-element-6fd360\" data-id=\"6fd360\" data-element_type=\"column\" data-e-type=\"column\">\n\t\t\t<div class=\"elementor-widget-wrap\">\n\t\t\t\t\t\t\t<\/div>\n\t\t<\/div>\n\t\t\t\t\t<\/div>\n\t\t<\/section>\n\t\t\t\t<section class=\"elementor-section elementor-top-section elementor-element elementor-element-7a4acf87 elementor-section-stretched elementor-section-boxed elementor-section-height-default elementor-section-height-default\" data-id=\"7a4acf87\" data-element_type=\"section\" data-e-type=\"section\" data-settings=\"{&quot;stretch_section&quot;:&quot;section-stretched&quot;,&quot;jet_parallax_layout_list&quot;:[]}\">\n\t\t\t\t\t\t<div class=\"elementor-container elementor-column-gap-default\">\n\t\t\t\t\t<div class=\"elementor-column elementor-col-50 elementor-top-column elementor-element elementor-element-1596041f\" data-id=\"1596041f\" data-element_type=\"column\" data-e-type=\"column\">\n\t\t\t<div class=\"elementor-widget-wrap elementor-element-populated\">\n\t\t\t\t\t\t<div class=\"elementor-element elementor-element-5d8ff91d elementor-nav-menu--dropdown-none elementor-widget elementor-widget-global elementor-global-493 elementor-widget-nav-menu\" data-id=\"5d8ff91d\" data-element_type=\"widget\" data-e-type=\"widget\" data-settings=\"{&quot;layout&quot;:&quot;vertical&quot;,&quot;submenu_icon&quot;:{&quot;value&quot;:&quot;fas fa-caret-down&quot;,&quot;library&quot;:&quot;fa-solid&quot;}}\" data-widget_type=\"nav-menu.default\">\n\t\t\t\t<div class=\"elementor-widget-container\">\n\t\t\t\t\t\t\t\t<nav aria-label=\"Menu\" class=\"elementor-nav-menu--main elementor-nav-menu__container elementor-nav-menu--layout-vertical e--pointer-underline e--animation-fade\">\n\t\t\t\t<ul id=\"menu-1-5d8ff91d\" class=\"elementor-nav-menu sm-vertical\"><li class=\"menu-item menu-item-type-post_type menu-item-object-post menu-item-1153\"><a href=\"https:\/\/www.baltic-blues.de\/bc-neuigkeiten\/\" class=\"elementor-item\">News<\/a><\/li>\n<li class=\"menu-item menu-item-type-post_type menu-item-object-post menu-item-7164\"><a href=\"https:\/\/www.baltic-blues.de\/programm-2025\/\" class=\"elementor-item\">Program 2025<\/a><\/li>\n<li class=\"menu-item menu-item-type-post_type menu-item-object-post menu-item-476\"><a href=\"https:\/\/www.baltic-blues.de\/bc-informationen\/\" class=\"elementor-item\">Information<\/a><\/li>\n<li class=\"menu-item menu-item-type-post_type menu-item-object-post menu-item-478\"><a href=\"https:\/\/www.baltic-blues.de\/bc-anmeldung\/\" class=\"elementor-item\">Registration<\/a><\/li>\n<li class=\"menu-item menu-item-type-post_type menu-item-object-post menu-item-479\"><a href=\"https:\/\/www.baltic-blues.de\/bc-geschichte\/\" class=\"elementor-item\">History<\/a><\/li>\n<\/ul>\t\t\t<\/nav>\n\t\t\t\t\t\t<nav class=\"elementor-nav-menu--dropdown elementor-nav-menu__container\" aria-hidden=\"true\">\n\t\t\t\t<ul id=\"menu-2-5d8ff91d\" class=\"elementor-nav-menu sm-vertical\"><li class=\"menu-item menu-item-type-post_type menu-item-object-post menu-item-1153\"><a href=\"https:\/\/www.baltic-blues.de\/bc-neuigkeiten\/\" class=\"elementor-item\" tabindex=\"-1\">News<\/a><\/li>\n<li class=\"menu-item menu-item-type-post_type menu-item-object-post menu-item-7164\"><a href=\"https:\/\/www.baltic-blues.de\/programm-2025\/\" class=\"elementor-item\" tabindex=\"-1\">Program 2025<\/a><\/li>\n<li class=\"menu-item menu-item-type-post_type menu-item-object-post menu-item-476\"><a href=\"https:\/\/www.baltic-blues.de\/bc-informationen\/\" class=\"elementor-item\" tabindex=\"-1\">Information<\/a><\/li>\n<li class=\"menu-item menu-item-type-post_type menu-item-object-post menu-item-478\"><a href=\"https:\/\/www.baltic-blues.de\/bc-anmeldung\/\" class=\"elementor-item\" tabindex=\"-1\">Registration<\/a><\/li>\n<li class=\"menu-item menu-item-type-post_type menu-item-object-post menu-item-479\"><a href=\"https:\/\/www.baltic-blues.de\/bc-geschichte\/\" class=\"elementor-item\" tabindex=\"-1\">History<\/a><\/li>\n<\/ul>\t\t\t<\/nav>\n\t\t\t\t\t\t<\/div>\n\t\t\t\t<\/div>\n\t\t\t\t\t<\/div>\n\t\t<\/div>\n\t\t\t\t<div class=\"elementor-column elementor-col-50 elementor-top-column elementor-element elementor-element-397e1e63\" data-id=\"397e1e63\" data-element_type=\"column\" data-e-type=\"column\">\n\t\t\t<div class=\"elementor-widget-wrap elementor-element-populated\">\n\t\t\t\t\t\t<div class=\"elementor-element elementor-element-5763411 elementor-widget elementor-widget-google_maps\" data-id=\"5763411\" data-element_type=\"widget\" data-e-type=\"widget\" data-widget_type=\"google_maps.default\">\n\t\t\t\t<div class=\"elementor-widget-container\">\n\t\t\t\t\t\t\t<div class=\"elementor-custom-embed\">\n\t\t\t <div class=\"brlbs-cmpnt-container brlbs-cmpnt-content-blocker brlbs-cmpnt-with-individual-styles\" data-borlabs-cookie-content-blocker-id=\"google-maps\" data-borlabs-cookie-content=\"PGlmcmFtZSBsb2FkaW5nPSJsYXp5IgoJCQkJCXNyYz0iaHR0cHM6Ly9tYXBzLmdvb2dsZS5jb20vbWFwcz9xPUJsdWVzQmFsdGljYSUyQyUyMEV1dGluJTJDJTIwRGV1dHNjaGxhbmQmIzAzODt0PW0mIzAzODt6PTE1JiMwMzg7b3V0cHV0PWVtYmVkJiMwMzg7aXdsb2M9bmVhciIKCQkJCQl0aXRsZT0iQmx1ZXNCYWx0aWNhLCBFdXRpbiwgRGV1dHNjaGxhbmQiCgkJCQkJYXJpYS1sYWJlbD0iQmx1ZXNCYWx0aWNhLCBFdXRpbiwgRGV1dHNjaGxhbmQiCgkJCT48L2lmcmFtZT4=\"><div class=\"brlbs-cmpnt-cb-preset-b brlbs-cmpnt-cb-google-maps\"> <div class=\"brlbs-cmpnt-cb-thumbnail\" style=\"background-image: url('https:\/\/www.baltic-blues.de\/wp-content\/uploads\/borlabs-cookie\/1\/brlbs-cb-google-maps-main.png')\"><\/div> <div class=\"brlbs-cmpnt-cb-main\"> <div class=\"brlbs-cmpnt-cb-content\"> <p class=\"brlbs-cmpnt-cb-description\">You are currently viewing a placeholder content from <strong>Google Maps<\/strong>. To access the actual content, click the button below. Please note that doing so will share data with third-party providers.<\/p> <a class=\"brlbs-cmpnt-cb-provider-toggle\" href=\"#\" data-borlabs-cookie-show-provider-information role=\"button\">More Information<\/a> <\/div> <div class=\"brlbs-cmpnt-cb-buttons\"> <a class=\"brlbs-cmpnt-cb-btn\" href=\"#\" data-borlabs-cookie-unblock role=\"button\">Unblock content<\/a> <a class=\"brlbs-cmpnt-cb-btn\" href=\"#\" data-borlabs-cookie-accept-service role=\"button\" style=\"display: inherit\">Accept required service and unblock content<\/a> <\/div> <\/div> <\/div><\/div>\n\t\t<\/div>\n\t\t\t\t\t\t<\/div>\n\t\t\t\t<\/div>\n\t\t\t\t<div class=\"elementor-element elementor-element-39c7c9de elementor-widget elementor-widget-heading\" data-id=\"39c7c9de\" data-element_type=\"widget\" data-e-type=\"widget\" data-widget_type=\"heading.default\">\n\t\t\t\t<div class=\"elementor-widget-container\">\n\t\t\t\t\t<h3 class=\"elementor-heading-title elementor-size-default\">Information German Blues Challenge &amp; German Blues Awards<\/h3>\t\t\t\t<\/div>\n\t\t\t\t<\/div>\n\t\t\t\t<div class=\"elementor-element elementor-element-1ca87788 elementor-widget elementor-widget-text-editor\" data-id=\"1ca87788\" data-element_type=\"widget\" data-e-type=\"widget\" data-widget_type=\"text-editor.default\">\n\t\t\t\t<div class=\"elementor-widget-container\">\n\t\t\t\t\t\t\t\t\t<p>Approach by car<br \/>From Kiel: Via the B76, first exit to Eutin and via Pl\u00f6ner Stra\u00dfe in the direction of the city center.<\/p>\n<p>From L\u00fcbeck: Via the B76, first exit to Eutin and via L\u00fcbecker Landstra\u00dfe in the direction of the city center.<\/p>\n<p>Parking in the city center<br \/>Suitable parking places (boxes with a cross on the map) in the city center: train station, Berliner Platz (Segenh\u00f6rn), Am Stadtgraben, Ihlpool, at the castle as well as Jungfernstieg.<\/p>\n<p>Map as PDF<\/p>\n<p>Arrival by train<br \/>Just follow the signposted footpath from the station to the city center (Marktplatz).<\/p>\n<p>Hotel<br \/>Tourist Information Eutin<br \/><a href=\"http:\/\/www.holsteinischeschweiz.de\/tourist-info-eutin\" target=\"_blank\" rel=\"noopener\">http:\/\/www.holsteinischeschweiz.de\/tourist-info-eutin<\/a><br \/>E-Mail: info@eutin-tourismus.de<\/p>\n<p>Camping<br \/><a href=\"http:\/\/www.naturpark-camping-prinzenholz.de\" target=\"_blank\" rel=\"noopener\">http:\/\/www.naturpark-camping-prinzenholz.de<\/a><br \/>E-Mail: info@nc-prinzenholz.de<\/p>\n\t\t\t\t\t\t\t\t<\/div>\n\t\t\t\t<\/div>\n\t\t\t\t\t<\/div>\n\t\t<\/div>\n\t\t\t\t\t<\/div>\n\t\t<\/section>\n\t\t\t\t<\/div>\n\t\t","protected":false},"excerpt":{"rendered":"<p>Mit dem Laden der Karte akzeptieren Sie die Datenschutzerkl\u00e4rung von Google.Mehr erfahren Karte laden Google Maps immer entsperren Information German Blues Challenge &amp; German Blues Awards Approach by carFrom Kiel: Via the B76, first exit to Eutin and via Pl\u00f6ner Stra\u00dfe in the direction of the city center. From L\u00fcbeck: Via the B76, first exit [&hellip;]<\/p>\n","protected":false},"author":1,"featured_media":0,"parent":0,"menu_order":14,"comment_status":"closed","ping_status":"closed","template":"elementor_header_footer","meta":{"footnotes":""},"class_list":["post-5349","page","type-page","status-publish","hentry"],"_links":{"self":[{"href":"https:\/\/www.baltic-blues.de\/en\/wp-json\/wp\/v2\/pages\/5349","targetHints":{"allow":["GET"]}}],"collection":[{"href":"https:\/\/www.baltic-blues.de\/en\/wp-json\/wp\/v2\/pages"}],"about":[{"href":"https:\/\/www.baltic-blues.de\/en\/wp-json\/wp\/v2\/types\/page"}],"author":[{"embeddable":true,"href":"https:\/\/www.baltic-blues.de\/en\/wp-json\/wp\/v2\/users\/1"}],"replies":[{"embeddable":true,"href":"https:\/\/www.baltic-blues.de\/en\/wp-json\/wp\/v2\/comments?post=5349"}],"version-history":[{"count":1,"href":"https:\/\/www.baltic-blues.de\/en\/wp-json\/wp\/v2\/pages\/5349\/revisions"}],"predecessor-version":[{"id":5350,"href":"https:\/\/www.baltic-blues.de\/en\/wp-json\/wp\/v2\/pages\/5349\/revisions\/5350"}],"wp:attachment":[{"href":"https:\/\/www.baltic-blues.de\/en\/wp-json\/wp\/v2\/media?parent=5349"}],"curies":[{"name":"wp","href":"https:\/\/api.w.org\/{rel}","templated":true}]}}