{"id":5303,"date":"2019-09-16T17:34:33","date_gmt":"2019-09-16T15:34:33","guid":{"rendered":"https:\/\/www.baltic-blues.de\/arrival\/"},"modified":"2023-05-04T10:34:24","modified_gmt":"2023-05-04T08:34:24","slug":"arrival","status":"publish","type":"page","link":"https:\/\/www.baltic-blues.de\/en\/arrival\/","title":{"rendered":"Arrival"},"content":{"rendered":"\t\t<div data-elementor-type=\"wp-post\" data-elementor-id=\"5303\" class=\"elementor elementor-5303 elementor-742\" data-elementor-post-type=\"page\">\n\t\t\t\t<div class=\"elementor-element elementor-element-3d97e95 e-flex e-con-boxed e-con e-parent\" data-id=\"3d97e95\" data-element_type=\"container\" data-e-type=\"container\" data-settings=\"{&quot;jet_parallax_layout_list&quot;:[]}\">\n\t\t\t\t\t<div class=\"e-con-inner\">\n\t\t<div class=\"elementor-element elementor-element-f6d90d1 e-con-full e-flex e-con e-parent\" data-id=\"f6d90d1\" data-element_type=\"container\" data-e-type=\"container\" data-settings=\"{&quot;jet_parallax_layout_list&quot;:[]}\">\n\t\t\t\t<div class=\"elementor-element elementor-element-03cadf1 elementor-nav-menu--dropdown-none elementor-widget elementor-widget-nav-menu\" data-id=\"03cadf1\" data-element_type=\"widget\" data-e-type=\"widget\" data-settings=\"{&quot;layout&quot;:&quot;vertical&quot;,&quot;submenu_icon&quot;:{&quot;value&quot;:&quot;&lt;svg aria-hidden=\\&quot;true\\&quot; class=\\&quot;e-font-icon-svg e-fas-caret-down\\&quot; viewBox=\\&quot;0 0 320 512\\&quot; xmlns=\\&quot;http:\\\/\\\/www.w3.org\\\/2000\\\/svg\\&quot;&gt;&lt;path d=\\&quot;M31.3 192h257.3c17.8 0 26.7 21.5 14.1 34.1L174.1 354.8c-7.8 7.8-20.5 7.8-28.3 0L17.2 226.1C4.6 213.5 13.5 192 31.3 192z\\&quot;&gt;&lt;\\\/path&gt;&lt;\\\/svg&gt;&quot;,&quot;library&quot;:&quot;fa-solid&quot;}}\" data-widget_type=\"nav-menu.default\">\n\t\t\t\t<div class=\"elementor-widget-container\">\n\t\t\t\t\t\t\t\t<nav aria-label=\"Menu\" class=\"elementor-nav-menu--main elementor-nav-menu__container elementor-nav-menu--layout-vertical e--pointer-underline e--animation-fade\">\n\t\t\t\t<ul id=\"menu-1-03cadf1\" class=\"elementor-nav-menu sm-vertical\"><li class=\"menu-item menu-item-type-post_type menu-item-object-post menu-item-7209\"><a href=\"https:\/\/www.baltic-blues.de\/programm-bluesfest-2026\/\" class=\"elementor-item\">Program Bluesfest 2026<\/a><\/li>\n<li class=\"menu-item menu-item-type-post_type menu-item-object-post menu-item-740\"><a href=\"https:\/\/www.baltic-blues.de\/news-zum-blues-festival\/\" class=\"elementor-item\">Blues Festival News<\/a><\/li>\n<li class=\"menu-item menu-item-type-post_type menu-item-object-post menu-item-756\"><a href=\"https:\/\/www.baltic-blues.de\/bf-spenden\/\" class=\"elementor-item\">BF | Donations<\/a><\/li>\n<li class=\"menu-item menu-item-type-post_type menu-item-object-post menu-item-746\"><a href=\"https:\/\/www.baltic-blues.de\/bf-anreise\/\" class=\"elementor-item\">Arrival<\/a><\/li>\n<li class=\"menu-item menu-item-type-post_type menu-item-object-post menu-item-390\"><a href=\"https:\/\/www.baltic-blues.de\/geschichte-des-festivals\/\" class=\"elementor-item\">History<\/a><\/li>\n<\/ul>\t\t\t<\/nav>\n\t\t\t\t\t\t<nav class=\"elementor-nav-menu--dropdown elementor-nav-menu__container\" aria-hidden=\"true\">\n\t\t\t\t<ul id=\"menu-2-03cadf1\" class=\"elementor-nav-menu sm-vertical\"><li class=\"menu-item menu-item-type-post_type menu-item-object-post menu-item-7209\"><a href=\"https:\/\/www.baltic-blues.de\/programm-bluesfest-2026\/\" class=\"elementor-item\" tabindex=\"-1\">Program Bluesfest 2026<\/a><\/li>\n<li class=\"menu-item menu-item-type-post_type menu-item-object-post menu-item-740\"><a href=\"https:\/\/www.baltic-blues.de\/news-zum-blues-festival\/\" class=\"elementor-item\" tabindex=\"-1\">Blues Festival News<\/a><\/li>\n<li class=\"menu-item menu-item-type-post_type menu-item-object-post menu-item-756\"><a href=\"https:\/\/www.baltic-blues.de\/bf-spenden\/\" class=\"elementor-item\" tabindex=\"-1\">BF | Donations<\/a><\/li>\n<li class=\"menu-item menu-item-type-post_type menu-item-object-post menu-item-746\"><a href=\"https:\/\/www.baltic-blues.de\/bf-anreise\/\" class=\"elementor-item\" tabindex=\"-1\">Arrival<\/a><\/li>\n<li class=\"menu-item menu-item-type-post_type menu-item-object-post menu-item-390\"><a href=\"https:\/\/www.baltic-blues.de\/geschichte-des-festivals\/\" class=\"elementor-item\" tabindex=\"-1\">History<\/a><\/li>\n<\/ul>\t\t\t<\/nav>\n\t\t\t\t\t\t<\/div>\n\t\t\t\t<\/div>\n\t\t\t\t<\/div>\n\t\t<div class=\"elementor-element elementor-element-955e60c e-con-full e-flex e-con e-parent\" data-id=\"955e60c\" data-element_type=\"container\" data-e-type=\"container\" data-settings=\"{&quot;jet_parallax_layout_list&quot;:[]}\">\n\t\t\t\t<div class=\"elementor-element elementor-element-fe1096c elementor-widget elementor-widget-google_maps\" data-id=\"fe1096c\" data-element_type=\"widget\" data-e-type=\"widget\" data-widget_type=\"google_maps.default\">\n\t\t\t\t<div class=\"elementor-widget-container\">\n\t\t\t\t\t\t\t<div class=\"elementor-custom-embed\">\n\t\t\t <div class=\"brlbs-cmpnt-container brlbs-cmpnt-content-blocker brlbs-cmpnt-with-individual-styles\" data-borlabs-cookie-content-blocker-id=\"google-maps\" data-borlabs-cookie-content=\"PGlmcmFtZSBsb2FkaW5nPSJsYXp5IgoJCQkJCXNyYz0iaHR0cHM6Ly9tYXBzLmdvb2dsZS5jb20vbWFwcz9xPU1hcmt0JTIwMSUyQyUyMDIzNzAxJTIwRXV0aW4lMkMlMjBEZXV0c2NobGFuZCYjMDM4O3Q9bSYjMDM4O3o9MTcmIzAzODtvdXRwdXQ9ZW1iZWQmIzAzODtpd2xvYz1uZWFyIgoJCQkJCXRpdGxlPSJNYXJrdCAxLCAyMzcwMSBFdXRpbiwgRGV1dHNjaGxhbmQiCgkJCQkJYXJpYS1sYWJlbD0iTWFya3QgMSwgMjM3MDEgRXV0aW4sIERldXRzY2hsYW5kIgoJCQk+PC9pZnJhbWU+\"><div class=\"brlbs-cmpnt-cb-preset-b brlbs-cmpnt-cb-google-maps\"> <div class=\"brlbs-cmpnt-cb-thumbnail\" style=\"background-image: url('https:\/\/www.baltic-blues.de\/wp-content\/uploads\/borlabs-cookie\/1\/brlbs-cb-google-maps-main.png')\"><\/div> <div class=\"brlbs-cmpnt-cb-main\"> <div class=\"brlbs-cmpnt-cb-content\"> <p class=\"brlbs-cmpnt-cb-description\">You are currently viewing a placeholder content from <strong>Google Maps<\/strong>. To access the actual content, click the button below. Please note that doing so will share data with third-party providers.<\/p> <a class=\"brlbs-cmpnt-cb-provider-toggle\" href=\"#\" data-borlabs-cookie-show-provider-information role=\"button\">More Information<\/a> <\/div> <div class=\"brlbs-cmpnt-cb-buttons\"> <a class=\"brlbs-cmpnt-cb-btn\" href=\"#\" data-borlabs-cookie-unblock role=\"button\">Unblock content<\/a> <a class=\"brlbs-cmpnt-cb-btn\" href=\"#\" data-borlabs-cookie-accept-service role=\"button\" style=\"display: inherit\">Accept required service and unblock content<\/a> <\/div> <\/div> <\/div><\/div>\n\t\t<\/div>\n\t\t\t\t\t\t<\/div>\n\t\t\t\t<\/div>\n\t\t\t\t<div class=\"elementor-element elementor-element-08a6ef6 elementor-widget elementor-widget-heading\" data-id=\"08a6ef6\" data-element_type=\"widget\" data-e-type=\"widget\" data-widget_type=\"heading.default\">\n\t\t\t\t<div class=\"elementor-widget-container\">\n\t\t\t\t\t<h3 class=\"elementor-heading-title elementor-size-default\">Arrival Blues Festival<\/h3>\t\t\t\t<\/div>\n\t\t\t\t<\/div>\n\t\t\t\t<div class=\"elementor-element elementor-element-92ea1b5 elementor-widget elementor-widget-text-editor\" data-id=\"92ea1b5\" data-element_type=\"widget\" data-e-type=\"widget\" data-widget_type=\"text-editor.default\">\n\t\t\t\t<div class=\"elementor-widget-container\">\n\t\t\t\t\t\t\t\t\t<p>Approach by car<br \/>From Kiel: Via the B76, first exit to Eutin and via Pl\u00f6ner Stra\u00dfe in the direction of the city center.<\/p><p>From L\u00fcbeck: Via the B76, first exit to Eutin and via L\u00fcbecker Landstra\u00dfe in the direction of the city center.<\/p><p>Parking in the city center<br \/>Suitable parking areas in the city center: train station, Berliner Platz, Am Stadtgraben, Ihlpool, at the castle as well as Jungfernstieg.<\/p><p><a href=\"https:\/\/www.baltic-blues.de\/downloads\/stadtplan.pdf\" target=\"_blank\" rel=\"noopener\">Map as PDF<\/a><\/p><p>Arrival by train<br \/>Just follow the signposted footpath from the station to the city center.<\/p><p>Hotel<br \/>Tourist Information Eutin<br \/><a href=\"http:\/\/www.holsteinischeschweiz.de\/tourist-info-eutin\" target=\"_blank\" rel=\"noopener\">http:\/\/www.holsteinischeschweiz.de\/tourist-info-eutin<\/a><br \/>E-Mail: info@eutin-tourismus.de<\/p><p>Camping<br \/><a href=\"http:\/\/www.naturpark-camping-prinzenholz.de\" target=\"_blank\" rel=\"noopener\">http:\/\/www.naturpark-camping-prinzenholz.de<\/a><br \/>E-Mail: info@nc-prinzenholz.de<\/p>\t\t\t\t\t\t\t\t<\/div>\n\t\t\t\t<\/div>\n\t\t\t\t<\/div>\n\t\t\t\t\t<\/div>\n\t\t\t\t<\/div>\n\t\t\t\t<\/div>\n\t\t","protected":false},"excerpt":{"rendered":"<p>You are currently viewing a placeholder content from Google Maps. To access the actual content, click the button below. Please note that doing so will share data with third-party providers. More Information Unblock content Accept required service and unblock content Arrival Blues Festival Approach by carFrom Kiel: Via the B76, first exit to Eutin and [&hellip;]<\/p>\n","protected":false},"author":1,"featured_media":0,"parent":0,"menu_order":14,"comment_status":"closed","ping_status":"closed","template":"elementor_header_footer","meta":{"footnotes":""},"class_list":["post-5303","page","type-page","status-publish","hentry"],"_links":{"self":[{"href":"https:\/\/www.baltic-blues.de\/en\/wp-json\/wp\/v2\/pages\/5303","targetHints":{"allow":["GET"]}}],"collection":[{"href":"https:\/\/www.baltic-blues.de\/en\/wp-json\/wp\/v2\/pages"}],"about":[{"href":"https:\/\/www.baltic-blues.de\/en\/wp-json\/wp\/v2\/types\/page"}],"author":[{"embeddable":true,"href":"https:\/\/www.baltic-blues.de\/en\/wp-json\/wp\/v2\/users\/1"}],"replies":[{"embeddable":true,"href":"https:\/\/www.baltic-blues.de\/en\/wp-json\/wp\/v2\/comments?post=5303"}],"version-history":[{"count":9,"href":"https:\/\/www.baltic-blues.de\/en\/wp-json\/wp\/v2\/pages\/5303\/revisions"}],"predecessor-version":[{"id":5572,"href":"https:\/\/www.baltic-blues.de\/en\/wp-json\/wp\/v2\/pages\/5303\/revisions\/5572"}],"wp:attachment":[{"href":"https:\/\/www.baltic-blues.de\/en\/wp-json\/wp\/v2\/media?parent=5303"}],"curies":[{"name":"wp","href":"https:\/\/api.w.org\/{rel}","templated":true}]}}